{"id":29030,"date":"2022-01-10T23:11:23","date_gmt":"2022-01-10T23:11:23","guid":{"rendered":"https:\/\/frenchandco.ca\/?page_id=29030"},"modified":"2024-05-10T01:22:23","modified_gmt":"2024-05-10T01:22:23","slug":"about-us","status":"publish","type":"page","link":"https:\/\/frenchandco.ca\/fr\/about-us\/","title":{"rendered":"\u00c0 Propos De Nous"},"content":{"rendered":"<div data-elementor-type=\"wp-page\" data-elementor-id=\"29030\" class=\"elementor elementor-29030\" data-elementor-post-type=\"page\">\n\t\t\t\t\t\t<section class=\"elementor-section elementor-top-section elementor-element elementor-element-21954175 elementor-section-boxed elementor-section-height-default elementor-section-height-default\" data-id=\"21954175\" data-element_type=\"section\" data-e-type=\"section\">\n\t\t\t\t\t\t<div class=\"elementor-container elementor-column-gap-default\">\n\t\t\t\t\t<div class=\"elementor-column elementor-col-100 elementor-top-column elementor-element elementor-element-61f6eeb\" data-id=\"61f6eeb\" data-element_type=\"column\" data-e-type=\"column\">\n\t\t\t<div class=\"elementor-widget-wrap elementor-element-populated\">\n\t\t\t\t\t\t<div class=\"elementor-element elementor-element-b183f38 elementor-widget elementor-widget-heading\" data-id=\"b183f38\" data-element_type=\"widget\" data-e-type=\"widget\" data-widget_type=\"heading.default\">\n\t\t\t\t<div class=\"elementor-widget-container\">\n\t\t\t\t\t<h2 class=\"elementor-heading-title elementor-size-default\">\u00c0 Propos De Nous\n<\/h2>\t\t\t\t<\/div>\n\t\t\t\t<\/div>\n\t\t\t\t<div class=\"elementor-element elementor-element-a3fb130 elementor-widget elementor-widget-text-editor\" data-id=\"a3fb130\" data-element_type=\"widget\" data-e-type=\"widget\" data-widget_type=\"text-editor.default\">\n\t\t\t\t<div class=\"elementor-widget-container\">\n\t\t\t\t\t\t\t\t\t<p><strong><span lang=\"EN-US\">French &amp; Co<\/span><\/strong><span lang=\"EN-US\">\u00a0est un fournisseur leader de services de langue fran\u00e7aise, offrant des options de cours sur mesure pour les d\u00e9butants et les locuteurs avanc\u00e9s. Situ\u00e9s en Ontario, nous proposons des cours en ligne accessibles dans tout le Canada et des cours en personne \u00e0 Toronto, ainsi que des services professionnels de relecture et de traduction.<\/span><\/p>\t\t\t\t\t\t\t\t<\/div>\n\t\t\t\t<\/div>\n\t\t\t\t<div class=\"elementor-element elementor-element-e4922a4 elementor-widget elementor-widget-text-editor\" data-id=\"e4922a4\" data-element_type=\"widget\" data-e-type=\"widget\" data-widget_type=\"text-editor.default\">\n\t\t\t\t<div class=\"elementor-widget-container\">\n\t\t\t\t\t\t\t\t\t<p class=\"translation-block\">Fond\u00e9 par Ghislain Tillard, un professionnel exp\u00e9riment\u00e9 de la langue fran\u00e7aise et de l\u2019enseignement avec pr\u00e8s de quinze ans d\u2019exp\u00e9rience, French &amp; Co a un bilan \u00e9prouv\u00e9 d\u2019excellence. Avec une formation en psychologie et en linguistique, l\u2019exp\u00e9rience de Ghislain s\u2019\u00e9tend de l\u2019enseignement aux enfants de la maternelle \u00e0 la terminale aux \u00e9tudiants post-secondaires. Son expertise s\u2019\u00e9tend \u00e0 la conception et \u00e0 la dispensation de cours de fran\u00e7ais sur mesure pour les professionnels, facilitant leur parcours vers les accr\u00e9ditations professionnelles en fran\u00e7ais. Sa carri\u00e8re comprend des contributions au gouvernement f\u00e9d\u00e9ral du Canada, o\u00f9 il a \u00e9quip\u00e9 avec diligence les fonctionnaires d\u2019une ma\u00eetrise linguistique n\u00e9cessaire pour une performance optimale. Avec ses exp\u00e9riences dans diff\u00e9rents pays, y compris le Royaume-Uni, les Pays-Bas, le Mont\u00e9n\u00e9gro et le Canada, Ghislain apporte une perspective mondiale \u00e0 l\u2019apprentissage des langues, garantissant une exp\u00e9rience enrichissante et immersive pour tous les \u00e9tudiants.<\/p><p>\u00a0<\/p>\t\t\t\t\t\t\t\t<\/div>\n\t\t\t\t<\/div>\n\t\t\t\t<div class=\"elementor-element elementor-element-82b1785 elementor-widget elementor-widget-button\" data-id=\"82b1785\" data-element_type=\"widget\" data-e-type=\"widget\" data-widget_type=\"button.default\">\n\t\t\t\t<div class=\"elementor-widget-container\">\n\t\t\t\t\t\t\t\t\t<div class=\"elementor-button-wrapper\">\n\t\t\t\t\t<a class=\"elementor-button elementor-button-link elementor-size-sm\" href=\"mailto:ghislain@frenchandco.ca\">\n\t\t\t\t\t\t<span class=\"elementor-button-content-wrapper\">\n\t\t\t\t\t\t\t\t\t<span class=\"elementor-button-text\">Contactez Ghislain<\/span>\n\t\t\t\t\t<\/span>\n\t\t\t\t\t<\/a>\n\t\t\t\t<\/div>\n\t\t\t\t\t\t\t\t<\/div>\n\t\t\t\t<\/div>\n\t\t\t\t<div class=\"elementor-element elementor-element-e13bda1 elementor-widget elementor-widget-text-editor\" data-id=\"e13bda1\" data-element_type=\"widget\" data-e-type=\"widget\" data-widget_type=\"text-editor.default\">\n\t\t\t\t<div class=\"elementor-widget-container\">\n\t\t\t\t\t\t\t\t\t<p><em><strong>M\u00e9lissa<\/strong><\/em> M\u00e9lissa enseigne le fran\u00e7ais depuis plus de 7 ans \u00e0 tous les \u00e2ges, des b\u00e9b\u00e9s (18 mois et plus) aux adultes. Tout au long de son exp\u00e9rience, elle a travaill\u00e9 en France, au Canada et en Cor\u00e9e du Sud et a aid\u00e9 des \u00e9tudiants de tous niveaux (CECRL A1 \u00e0 C2), ainsi que des professionnels et des fonctionnaires.<\/p><p>N\u00e9e dans le sud de la France, elle vit en Ontario depuis 5 ans, ce qui lui permet d\u2019enseigner confortablement le fran\u00e7ais de France et du Canada. De plus, elle est examinatrice certifi\u00e9e pour les examens de fran\u00e7ais DELF, DALF, TCF et TEF.<\/p><p>\u00a0<\/p>\t\t\t\t\t\t\t\t<\/div>\n\t\t\t\t<\/div>\n\t\t\t\t<div class=\"elementor-element elementor-element-f816c14 elementor-widget elementor-widget-button\" data-id=\"f816c14\" data-element_type=\"widget\" data-e-type=\"widget\" data-widget_type=\"button.default\">\n\t\t\t\t<div class=\"elementor-widget-container\">\n\t\t\t\t\t\t\t\t\t<div class=\"elementor-button-wrapper\">\n\t\t\t\t\t<a class=\"elementor-button elementor-button-link elementor-size-sm\" href=\"mailto:melissa@frenchandco.ca\">\n\t\t\t\t\t\t<span class=\"elementor-button-content-wrapper\">\n\t\t\t\t\t\t\t\t\t<span class=\"elementor-button-text\">Contactez M\u00e9lissa<\/span>\n\t\t\t\t\t<\/span>\n\t\t\t\t\t<\/a>\n\t\t\t\t<\/div>\n\t\t\t\t\t\t\t\t<\/div>\n\t\t\t\t<\/div>\n\t\t\t\t\t<\/div>\n\t\t<\/div>\n\t\t\t\t\t<\/div>\n\t\t<\/section>\n\t\t\t\t<section class=\"elementor-section elementor-top-section elementor-element elementor-element-26ee292 elementor-section-boxed elementor-section-height-default elementor-section-height-default\" data-id=\"26ee292\" data-element_type=\"section\" data-e-type=\"section\" data-settings=\"{&quot;background_background&quot;:&quot;classic&quot;}\">\n\t\t\t\t\t\t<div class=\"elementor-container elementor-column-gap-default\">\n\t\t\t\t\t<div class=\"elementor-column elementor-col-100 elementor-top-column elementor-element elementor-element-96aceab\" data-id=\"96aceab\" data-element_type=\"column\" data-e-type=\"column\">\n\t\t\t<div class=\"elementor-widget-wrap elementor-element-populated\">\n\t\t\t\t\t\t<div class=\"elementor-element elementor-element-8e3f54c elementor-widget elementor-widget-text-editor\" data-id=\"8e3f54c\" data-element_type=\"widget\" data-e-type=\"widget\" data-widget_type=\"text-editor.default\">\n\t\t\t\t<div class=\"elementor-widget-container\">\n\t\t\t\t\t\t\t\t\t<h4 style=\"text-align: center;\">Vous Pouvez Nous Suivre Sur Les R\u00e9seaux Sociaux !<\/h4>\t\t\t\t\t\t\t\t<\/div>\n\t\t\t\t<\/div>\n\t\t\t\t<section class=\"elementor-section elementor-inner-section elementor-element elementor-element-612093b elementor-section-boxed elementor-section-height-default elementor-section-height-default\" data-id=\"612093b\" data-element_type=\"section\" data-e-type=\"section\">\n\t\t\t\t\t\t<div class=\"elementor-container elementor-column-gap-default\">\n\t\t\t\t\t<div class=\"elementor-column elementor-col-50 elementor-inner-column elementor-element elementor-element-29fc029\" data-id=\"29fc029\" data-element_type=\"column\" data-e-type=\"column\">\n\t\t\t<div class=\"elementor-widget-wrap elementor-element-populated\">\n\t\t\t\t\t\t<div class=\"elementor-element elementor-element-202e2ab elementor-view-stacked elementor-shape-circle elementor-widget elementor-widget-icon\" data-id=\"202e2ab\" data-element_type=\"widget\" data-e-type=\"widget\" data-widget_type=\"icon.default\">\n\t\t\t\t<div class=\"elementor-widget-container\">\n\t\t\t\t\t\t\t<div class=\"elementor-icon-wrapper\">\n\t\t\t<a class=\"elementor-icon\" href=\"https:\/\/www.instagram.com\/french.and.co\/\" target=\"_blank\">\n\t\t\t<i aria-hidden=\"true\" class=\"fab fa-instagram\"><\/i>\t\t\t<\/a>\n\t\t<\/div>\n\t\t\t\t\t\t<\/div>\n\t\t\t\t<\/div>\n\t\t\t\t\t<\/div>\n\t\t<\/div>\n\t\t\t\t<div class=\"elementor-column elementor-col-50 elementor-inner-column elementor-element elementor-element-f6d7c6e\" data-id=\"f6d7c6e\" data-element_type=\"column\" data-e-type=\"column\">\n\t\t\t<div class=\"elementor-widget-wrap elementor-element-populated\">\n\t\t\t\t\t\t<div class=\"elementor-element elementor-element-f473fc1 elementor-view-stacked elementor-shape-circle elementor-widget elementor-widget-icon\" data-id=\"f473fc1\" data-element_type=\"widget\" data-e-type=\"widget\" data-widget_type=\"icon.default\">\n\t\t\t\t<div class=\"elementor-widget-container\">\n\t\t\t\t\t\t\t<div class=\"elementor-icon-wrapper\">\n\t\t\t<a class=\"elementor-icon\" href=\"https:\/\/www.facebook.com\/frenchandcocanada\" target=\"_blank\">\n\t\t\t<i aria-hidden=\"true\" class=\"fab fa-facebook\"><\/i>\t\t\t<\/a>\n\t\t<\/div>\n\t\t\t\t\t\t<\/div>\n\t\t\t\t<\/div>\n\t\t\t\t\t<\/div>\n\t\t<\/div>\n\t\t\t\t\t<\/div>\n\t\t<\/section>\n\t\t\t\t\t<\/div>\n\t\t<\/div>\n\t\t\t\t\t<\/div>\n\t\t<\/section>\n\t\t\t\t<\/div>","protected":false},"excerpt":{"rendered":"<p>About Us French &amp; Co\u00a0is a leading provider of French language services, offering tailored tuition options for beginners and advanced speakers alike. Located in Ontario, we offer online courses accessible across Canada and in-person classes in Toronto, alongside professional proofreading, and translation services. Founded by Ghislain Tillard, a seasoned French language and teaching professional with [&hellip;]<\/p>\n","protected":false},"author":1,"featured_media":0,"parent":0,"menu_order":0,"comment_status":"closed","ping_status":"open","template":"elementor_header_footer","meta":{"_acf_changed":false,"footnotes":""},"class_list":["post-29030","page","type-page","status-publish","hentry"],"acf":[],"_links":{"self":[{"href":"https:\/\/frenchandco.ca\/fr\/wp-json\/wp\/v2\/pages\/29030","targetHints":{"allow":["GET"]}}],"collection":[{"href":"https:\/\/frenchandco.ca\/fr\/wp-json\/wp\/v2\/pages"}],"about":[{"href":"https:\/\/frenchandco.ca\/fr\/wp-json\/wp\/v2\/types\/page"}],"author":[{"embeddable":true,"href":"https:\/\/frenchandco.ca\/fr\/wp-json\/wp\/v2\/users\/1"}],"replies":[{"embeddable":true,"href":"https:\/\/frenchandco.ca\/fr\/wp-json\/wp\/v2\/comments?post=29030"}],"version-history":[{"count":57,"href":"https:\/\/frenchandco.ca\/fr\/wp-json\/wp\/v2\/pages\/29030\/revisions"}],"predecessor-version":[{"id":30383,"href":"https:\/\/frenchandco.ca\/fr\/wp-json\/wp\/v2\/pages\/29030\/revisions\/30383"}],"wp:attachment":[{"href":"https:\/\/frenchandco.ca\/fr\/wp-json\/wp\/v2\/media?parent=29030"}],"curies":[{"name":"wp","href":"https:\/\/api.w.org\/{rel}","templated":true}]}}